{"id":123,"date":"2017-11-17T11:50:45","date_gmt":"2017-11-17T10:50:45","guid":{"rendered":"https:\/\/www.perdigat.com\/?page_id=123"},"modified":"2025-05-19T14:33:08","modified_gmt":"2025-05-19T12:33:08","slug":"home","status":"publish","type":"page","link":"https:\/\/www.perdigat.com\/en\/","title":{"rendered":"La Ferme de Perdigat, the campsite passionately P\u00e9rigord !"},"content":{"rendered":"","protected":false},"excerpt":{"rendered":"","protected":false},"author":2,"featured_media":0,"parent":0,"menu_order":0,"comment_status":"closed","ping_status":"open","template":"","meta":{"_acf_changed":false,"footnotes":""},"acf":[],"yoast_head":"<!-- This site is optimized with the Yoast SEO plugin v23.0 - https:\/\/yoast.com\/wordpress\/plugins\/seo\/ -->\n<title>Campsite on the banks of the Dordogne at Limeuil in Black Perigord<\/title>\n<meta name=\"description\" content=\"In the heart of the P\u00e9rigord, on the banks of the V\u00e9z\u00e8re river, the 4-star campsite La Ferme de Perdigat enjoys a privileged location close to the largest sites in the Dordogne valley. Heated swimming pool, restaurant and grocery store, farm animals, laundry, canoeing, playground, wifi, fishing pond\" \/>\n<meta name=\"robots\" content=\"index, follow, max-snippet:-1, max-image-preview:large, max-video-preview:-1\" \/>\n<link rel=\"canonical\" href=\"https:\/\/www.perdigat.com\/en\/\" \/>\n<meta property=\"og:locale\" content=\"en_US\" \/>\n<meta property=\"og:type\" content=\"article\" \/>\n<meta property=\"og:title\" content=\"Campsite on the banks of the Dordogne at Limeuil in Black Perigord\" \/>\n<meta property=\"og:description\" content=\"In the heart of the P\u00e9rigord, on the banks of the V\u00e9z\u00e8re river, the 4-star campsite La Ferme de Perdigat enjoys a privileged location close to the largest sites in the Dordogne valley. Heated swimming pool, restaurant and grocery store, farm animals, laundry, canoeing, playground, wifi, fishing pond\" \/>\n<meta property=\"og:url\" content=\"https:\/\/www.perdigat.com\/en\/\" \/>\n<meta property=\"og:site_name\" content=\"La Ferme de Perdigat\" \/>\n<meta property=\"article:modified_time\" content=\"2025-05-19T12:33:08+00:00\" \/>\n<meta name=\"twitter:card\" content=\"summary_large_image\" \/>\n<meta name=\"twitter:label1\" content=\"Est. reading time\" \/>\n\t<meta name=\"twitter:data1\" content=\"5 minutes\" \/>\n<script type=\"application\/ld+json\" class=\"yoast-schema-graph\">{\"@context\":\"https:\/\/schema.org\",\"@graph\":[{\"@type\":\"WebPage\",\"@id\":\"https:\/\/www.perdigat.com\/en\/\",\"url\":\"https:\/\/www.perdigat.com\/en\/\",\"name\":\"Campsite on the banks of the Dordogne at Limeuil in Black Perigord\",\"isPartOf\":{\"@id\":\"https:\/\/www.perdigat.com\/#website\"},\"datePublished\":\"2017-11-17T10:50:45+00:00\",\"dateModified\":\"2025-05-19T12:33:08+00:00\",\"description\":\"In the heart of the P\u00e9rigord, on the banks of the V\u00e9z\u00e8re river, the 4-star campsite La Ferme de Perdigat enjoys a privileged location close to the largest sites in the Dordogne valley. Heated swimming pool, restaurant and grocery store, farm animals, laundry, canoeing, playground, wifi, fishing pond\",\"breadcrumb\":{\"@id\":\"https:\/\/www.perdigat.com\/en\/#breadcrumb\"},\"inLanguage\":\"en-US\",\"potentialAction\":[{\"@type\":\"ReadAction\",\"target\":[\"https:\/\/www.perdigat.com\/en\/\"]}]},{\"@type\":\"BreadcrumbList\",\"@id\":\"https:\/\/www.perdigat.com\/en\/#breadcrumb\",\"itemListElement\":[{\"@type\":\"ListItem\",\"position\":1,\"name\":\"Home\",\"item\":\"https:\/\/www.perdigat.com\/en\/\"},{\"@type\":\"ListItem\",\"position\":2,\"name\":\"La Ferme de Perdigat, the campsite passionately P\u00e9rigord !\"}]},{\"@type\":\"WebSite\",\"@id\":\"https:\/\/www.perdigat.com\/#website\",\"url\":\"https:\/\/www.perdigat.com\/\",\"name\":\"La Ferme de Perdigat\",\"description\":\"Camping en Dordogne P\u00e9rigord Noir\",\"potentialAction\":[{\"@type\":\"SearchAction\",\"target\":{\"@type\":\"EntryPoint\",\"urlTemplate\":\"https:\/\/www.perdigat.com\/?s={search_term_string}\"},\"query-input\":\"required name=search_term_string\"}],\"inLanguage\":\"en-US\"}]}<\/script>\n<!-- \/ Yoast SEO plugin. -->","yoast_head_json":{"title":"Campsite on the banks of the Dordogne at Limeuil in Black Perigord","description":"In the heart of the P\u00e9rigord, on the banks of the V\u00e9z\u00e8re river, the 4-star campsite La Ferme de Perdigat enjoys a privileged location close to the largest sites in the Dordogne valley. Heated swimming pool, restaurant and grocery store, farm animals, laundry, canoeing, playground, wifi, fishing pond","robots":{"index":"index","follow":"follow","max-snippet":"max-snippet:-1","max-image-preview":"max-image-preview:large","max-video-preview":"max-video-preview:-1"},"canonical":"https:\/\/www.perdigat.com\/en\/","og_locale":"en_US","og_type":"article","og_title":"Campsite on the banks of the Dordogne at Limeuil in Black Perigord","og_description":"In the heart of the P\u00e9rigord, on the banks of the V\u00e9z\u00e8re river, the 4-star campsite La Ferme de Perdigat enjoys a privileged location close to the largest sites in the Dordogne valley. Heated swimming pool, restaurant and grocery store, farm animals, laundry, canoeing, playground, wifi, fishing pond","og_url":"https:\/\/www.perdigat.com\/en\/","og_site_name":"La Ferme de Perdigat","article_modified_time":"2025-05-19T12:33:08+00:00","twitter_card":"summary_large_image","twitter_misc":{"Est. reading time":"5 minutes"},"schema":{"@context":"https:\/\/schema.org","@graph":[{"@type":"WebPage","@id":"https:\/\/www.perdigat.com\/en\/","url":"https:\/\/www.perdigat.com\/en\/","name":"Campsite on the banks of the Dordogne at Limeuil in Black Perigord","isPartOf":{"@id":"https:\/\/www.perdigat.com\/#website"},"datePublished":"2017-11-17T10:50:45+00:00","dateModified":"2025-05-19T12:33:08+00:00","description":"In the heart of the P\u00e9rigord, on the banks of the V\u00e9z\u00e8re river, the 4-star campsite La Ferme de Perdigat enjoys a privileged location close to the largest sites in the Dordogne valley. Heated swimming pool, restaurant and grocery store, farm animals, laundry, canoeing, playground, wifi, fishing pond","breadcrumb":{"@id":"https:\/\/www.perdigat.com\/en\/#breadcrumb"},"inLanguage":"en-US","potentialAction":[{"@type":"ReadAction","target":["https:\/\/www.perdigat.com\/en\/"]}]},{"@type":"BreadcrumbList","@id":"https:\/\/www.perdigat.com\/en\/#breadcrumb","itemListElement":[{"@type":"ListItem","position":1,"name":"Home","item":"https:\/\/www.perdigat.com\/en\/"},{"@type":"ListItem","position":2,"name":"La Ferme de Perdigat, the campsite passionately P\u00e9rigord !"}]},{"@type":"WebSite","@id":"https:\/\/www.perdigat.com\/#website","url":"https:\/\/www.perdigat.com\/","name":"La Ferme de Perdigat","description":"Camping en Dordogne P\u00e9rigord Noir","potentialAction":[{"@type":"SearchAction","target":{"@type":"EntryPoint","urlTemplate":"https:\/\/www.perdigat.com\/?s={search_term_string}"},"query-input":"required name=search_term_string"}],"inLanguage":"en-US"}]}},"_links":{"self":[{"href":"https:\/\/www.perdigat.com\/en\/wp-json\/wp\/v2\/pages\/123"}],"collection":[{"href":"https:\/\/www.perdigat.com\/en\/wp-json\/wp\/v2\/pages"}],"about":[{"href":"https:\/\/www.perdigat.com\/en\/wp-json\/wp\/v2\/types\/page"}],"author":[{"embeddable":true,"href":"https:\/\/www.perdigat.com\/en\/wp-json\/wp\/v2\/users\/2"}],"replies":[{"embeddable":true,"href":"https:\/\/www.perdigat.com\/en\/wp-json\/wp\/v2\/comments?post=123"}],"version-history":[{"count":25,"href":"https:\/\/www.perdigat.com\/en\/wp-json\/wp\/v2\/pages\/123\/revisions"}],"predecessor-version":[{"id":3849,"href":"https:\/\/www.perdigat.com\/en\/wp-json\/wp\/v2\/pages\/123\/revisions\/3849"}],"wp:attachment":[{"href":"https:\/\/www.perdigat.com\/en\/wp-json\/wp\/v2\/media?parent=123"}],"curies":[{"name":"wp","href":"https:\/\/api.w.org\/{rel}","templated":true}]}}