{"id":1721,"date":"2018-02-01T16:32:44","date_gmt":"2018-02-01T15:32:44","guid":{"rendered":"https:\/\/www.perdigat.com\/canoes\/"},"modified":"2021-01-25T11:55:35","modified_gmt":"2021-01-25T10:55:35","slug":"canoes","status":"publish","type":"page","link":"https:\/\/www.perdigat.com\/en\/canoes\/","title":{"rendered":"Canoeing on the V\u00e9z\u00e8re"},"content":{"rendered":"","protected":false},"excerpt":{"rendered":"","protected":false},"author":2,"featured_media":0,"parent":0,"menu_order":0,"comment_status":"closed","ping_status":"closed","template":"","meta":{"_acf_changed":false,"footnotes":""},"acf":[],"yoast_head":"<!-- This site is optimized with the Yoast SEO plugin v23.0 - https:\/\/yoast.com\/wordpress\/plugins\/seo\/ -->\n<title>Cano\u00eb - Kayak sur les rivi\u00e8res Dordogne ou V\u00e9z\u00e8re<\/title>\n<meta name=\"description\" content=\"Au fil de l\u2019eau une autre mani\u00e8re de d\u00e9couvrir la Dordogne ou la V\u00e9z\u00e8re : Seul, en famille ou entre amis, d\u00e9couvrez le P\u00e9rigord en descendant nos belles rivi\u00e8res en cano\u00ebs ou en kayaks. \u00c0 votre rythme, profitez pleinement de la nature et des paysages qui vous entourent !\" \/>\n<meta name=\"robots\" content=\"index, follow, max-snippet:-1, max-image-preview:large, max-video-preview:-1\" \/>\n<link rel=\"canonical\" href=\"https:\/\/www.perdigat.com\/en\/canoes\/\" \/>\n<meta property=\"og:locale\" content=\"en_US\" \/>\n<meta property=\"og:type\" content=\"article\" \/>\n<meta property=\"og:title\" content=\"Cano\u00eb - Kayak sur les rivi\u00e8res Dordogne ou V\u00e9z\u00e8re\" \/>\n<meta property=\"og:description\" content=\"Au fil de l\u2019eau une autre mani\u00e8re de d\u00e9couvrir la Dordogne ou la V\u00e9z\u00e8re : Seul, en famille ou entre amis, d\u00e9couvrez le P\u00e9rigord en descendant nos belles rivi\u00e8res en cano\u00ebs ou en kayaks. \u00c0 votre rythme, profitez pleinement de la nature et des paysages qui vous entourent !\" \/>\n<meta property=\"og:url\" content=\"https:\/\/www.perdigat.com\/en\/canoes\/\" \/>\n<meta property=\"og:site_name\" content=\"La Ferme de Perdigat\" \/>\n<meta property=\"article:modified_time\" content=\"2021-01-25T10:55:35+00:00\" \/>\n<meta name=\"twitter:card\" content=\"summary_large_image\" \/>\n<script type=\"application\/ld+json\" class=\"yoast-schema-graph\">{\"@context\":\"https:\/\/schema.org\",\"@graph\":[{\"@type\":\"WebPage\",\"@id\":\"https:\/\/www.perdigat.com\/en\/canoes\/\",\"url\":\"https:\/\/www.perdigat.com\/en\/canoes\/\",\"name\":\"Cano\u00eb - Kayak sur les rivi\u00e8res Dordogne ou V\u00e9z\u00e8re\",\"isPartOf\":{\"@id\":\"https:\/\/www.perdigat.com\/#website\"},\"datePublished\":\"2018-02-01T15:32:44+00:00\",\"dateModified\":\"2021-01-25T10:55:35+00:00\",\"description\":\"Au fil de l\u2019eau une autre mani\u00e8re de d\u00e9couvrir la Dordogne ou la V\u00e9z\u00e8re : Seul, en famille ou entre amis, d\u00e9couvrez le P\u00e9rigord en descendant nos belles rivi\u00e8res en cano\u00ebs ou en kayaks. \u00c0 votre rythme, profitez pleinement de la nature et des paysages qui vous entourent !\",\"breadcrumb\":{\"@id\":\"https:\/\/www.perdigat.com\/en\/canoes\/#breadcrumb\"},\"inLanguage\":\"en-US\",\"potentialAction\":[{\"@type\":\"ReadAction\",\"target\":[\"https:\/\/www.perdigat.com\/en\/canoes\/\"]}]},{\"@type\":\"BreadcrumbList\",\"@id\":\"https:\/\/www.perdigat.com\/en\/canoes\/#breadcrumb\",\"itemListElement\":[{\"@type\":\"ListItem\",\"position\":1,\"name\":\"Home\",\"item\":\"https:\/\/www.perdigat.com\/en\/\"},{\"@type\":\"ListItem\",\"position\":2,\"name\":\"Canoes\"}]},{\"@type\":\"WebSite\",\"@id\":\"https:\/\/www.perdigat.com\/#website\",\"url\":\"https:\/\/www.perdigat.com\/\",\"name\":\"La Ferme de Perdigat\",\"description\":\"Camping en Dordogne P\u00e9rigord Noir\",\"potentialAction\":[{\"@type\":\"SearchAction\",\"target\":{\"@type\":\"EntryPoint\",\"urlTemplate\":\"https:\/\/www.perdigat.com\/?s={search_term_string}\"},\"query-input\":\"required name=search_term_string\"}],\"inLanguage\":\"en-US\"}]}<\/script>\n<!-- \/ Yoast SEO plugin. -->","yoast_head_json":{"title":"Cano\u00eb - Kayak sur les rivi\u00e8res Dordogne ou V\u00e9z\u00e8re","description":"Au fil de l\u2019eau une autre mani\u00e8re de d\u00e9couvrir la Dordogne ou la V\u00e9z\u00e8re : Seul, en famille ou entre amis, d\u00e9couvrez le P\u00e9rigord en descendant nos belles rivi\u00e8res en cano\u00ebs ou en kayaks. \u00c0 votre rythme, profitez pleinement de la nature et des paysages qui vous entourent !","robots":{"index":"index","follow":"follow","max-snippet":"max-snippet:-1","max-image-preview":"max-image-preview:large","max-video-preview":"max-video-preview:-1"},"canonical":"https:\/\/www.perdigat.com\/en\/canoes\/","og_locale":"en_US","og_type":"article","og_title":"Cano\u00eb - Kayak sur les rivi\u00e8res Dordogne ou V\u00e9z\u00e8re","og_description":"Au fil de l\u2019eau une autre mani\u00e8re de d\u00e9couvrir la Dordogne ou la V\u00e9z\u00e8re : Seul, en famille ou entre amis, d\u00e9couvrez le P\u00e9rigord en descendant nos belles rivi\u00e8res en cano\u00ebs ou en kayaks. \u00c0 votre rythme, profitez pleinement de la nature et des paysages qui vous entourent !","og_url":"https:\/\/www.perdigat.com\/en\/canoes\/","og_site_name":"La Ferme de Perdigat","article_modified_time":"2021-01-25T10:55:35+00:00","twitter_card":"summary_large_image","schema":{"@context":"https:\/\/schema.org","@graph":[{"@type":"WebPage","@id":"https:\/\/www.perdigat.com\/en\/canoes\/","url":"https:\/\/www.perdigat.com\/en\/canoes\/","name":"Cano\u00eb - Kayak sur les rivi\u00e8res Dordogne ou V\u00e9z\u00e8re","isPartOf":{"@id":"https:\/\/www.perdigat.com\/#website"},"datePublished":"2018-02-01T15:32:44+00:00","dateModified":"2021-01-25T10:55:35+00:00","description":"Au fil de l\u2019eau une autre mani\u00e8re de d\u00e9couvrir la Dordogne ou la V\u00e9z\u00e8re : Seul, en famille ou entre amis, d\u00e9couvrez le P\u00e9rigord en descendant nos belles rivi\u00e8res en cano\u00ebs ou en kayaks. \u00c0 votre rythme, profitez pleinement de la nature et des paysages qui vous entourent !","breadcrumb":{"@id":"https:\/\/www.perdigat.com\/en\/canoes\/#breadcrumb"},"inLanguage":"en-US","potentialAction":[{"@type":"ReadAction","target":["https:\/\/www.perdigat.com\/en\/canoes\/"]}]},{"@type":"BreadcrumbList","@id":"https:\/\/www.perdigat.com\/en\/canoes\/#breadcrumb","itemListElement":[{"@type":"ListItem","position":1,"name":"Home","item":"https:\/\/www.perdigat.com\/en\/"},{"@type":"ListItem","position":2,"name":"Canoes"}]},{"@type":"WebSite","@id":"https:\/\/www.perdigat.com\/#website","url":"https:\/\/www.perdigat.com\/","name":"La Ferme de Perdigat","description":"Camping en Dordogne P\u00e9rigord Noir","potentialAction":[{"@type":"SearchAction","target":{"@type":"EntryPoint","urlTemplate":"https:\/\/www.perdigat.com\/?s={search_term_string}"},"query-input":"required name=search_term_string"}],"inLanguage":"en-US"}]}},"_links":{"self":[{"href":"https:\/\/www.perdigat.com\/en\/wp-json\/wp\/v2\/pages\/1721"}],"collection":[{"href":"https:\/\/www.perdigat.com\/en\/wp-json\/wp\/v2\/pages"}],"about":[{"href":"https:\/\/www.perdigat.com\/en\/wp-json\/wp\/v2\/types\/page"}],"author":[{"embeddable":true,"href":"https:\/\/www.perdigat.com\/en\/wp-json\/wp\/v2\/users\/2"}],"replies":[{"embeddable":true,"href":"https:\/\/www.perdigat.com\/en\/wp-json\/wp\/v2\/comments?post=1721"}],"version-history":[{"count":9,"href":"https:\/\/www.perdigat.com\/en\/wp-json\/wp\/v2\/pages\/1721\/revisions"}],"predecessor-version":[{"id":3012,"href":"https:\/\/www.perdigat.com\/en\/wp-json\/wp\/v2\/pages\/1721\/revisions\/3012"}],"wp:attachment":[{"href":"https:\/\/www.perdigat.com\/en\/wp-json\/wp\/v2\/media?parent=1721"}],"curies":[{"name":"wp","href":"https:\/\/api.w.org\/{rel}","templated":true}]}}