{"id":1810,"date":"2018-01-25T08:26:23","date_gmt":"2018-01-25T07:26:23","guid":{"rendered":"https:\/\/www.perdigat.com\/hebergements\/"},"modified":"2024-02-06T13:39:28","modified_gmt":"2024-02-06T12:39:28","slug":"accommodations","status":"publish","type":"page","link":"https:\/\/www.perdigat.com\/en\/accommodations\/","title":{"rendered":"Accommodations"},"content":{"rendered":"","protected":false},"excerpt":{"rendered":"","protected":false},"author":2,"featured_media":0,"parent":0,"menu_order":0,"comment_status":"closed","ping_status":"closed","template":"page-locations-touse.php","meta":{"_acf_changed":false,"footnotes":""},"acf":[],"yoast_head":"<!-- This site is optimized with the Yoast SEO plugin v23.0 - https:\/\/yoast.com\/wordpress\/plugins\/seo\/ -->\n<title>H\u00e9bergements en Dordogne : Emplacement Tentes - Mobil home et G\u00eete<\/title>\n<meta name=\"description\" content=\"Tout le monde est le bienvenu au camping la Ferme de Perdigat : d\u00e9couvrez nos mobil home tout confort, nos emplacements de camping car spacieux, nos tentes lodges... Adeptes du camping traditionnel, nos emplacements sont spacieux et bien d\u00e9limit\u00e9s. Nous vous attendons.\" \/>\n<meta name=\"robots\" content=\"index, follow, max-snippet:-1, max-image-preview:large, max-video-preview:-1\" \/>\n<link rel=\"canonical\" href=\"https:\/\/www.perdigat.com\/en\/accommodations\/\" \/>\n<meta property=\"og:locale\" content=\"en_US\" \/>\n<meta property=\"og:type\" content=\"article\" \/>\n<meta property=\"og:title\" content=\"H\u00e9bergements en Dordogne : Emplacement Tentes - Mobil home et G\u00eete\" \/>\n<meta property=\"og:description\" content=\"Tout le monde est le bienvenu au camping la Ferme de Perdigat : d\u00e9couvrez nos mobil home tout confort, nos emplacements de camping car spacieux, nos tentes lodges... Adeptes du camping traditionnel, nos emplacements sont spacieux et bien d\u00e9limit\u00e9s. Nous vous attendons.\" \/>\n<meta property=\"og:url\" content=\"https:\/\/www.perdigat.com\/en\/accommodations\/\" \/>\n<meta property=\"og:site_name\" content=\"La Ferme de Perdigat\" \/>\n<meta property=\"article:modified_time\" content=\"2024-02-06T12:39:28+00:00\" \/>\n<meta name=\"twitter:card\" content=\"summary_large_image\" \/>\n<script type=\"application\/ld+json\" class=\"yoast-schema-graph\">{\"@context\":\"https:\/\/schema.org\",\"@graph\":[{\"@type\":\"WebPage\",\"@id\":\"https:\/\/www.perdigat.com\/en\/accommodations\/\",\"url\":\"https:\/\/www.perdigat.com\/en\/accommodations\/\",\"name\":\"H\u00e9bergements en Dordogne : Emplacement Tentes - Mobil home et G\u00eete\",\"isPartOf\":{\"@id\":\"https:\/\/www.perdigat.com\/#website\"},\"datePublished\":\"2018-01-25T07:26:23+00:00\",\"dateModified\":\"2024-02-06T12:39:28+00:00\",\"description\":\"Tout le monde est le bienvenu au camping la Ferme de Perdigat : d\u00e9couvrez nos mobil home tout confort, nos emplacements de camping car spacieux, nos tentes lodges... Adeptes du camping traditionnel, nos emplacements sont spacieux et bien d\u00e9limit\u00e9s. Nous vous attendons.\",\"breadcrumb\":{\"@id\":\"https:\/\/www.perdigat.com\/en\/accommodations\/#breadcrumb\"},\"inLanguage\":\"en-US\",\"potentialAction\":[{\"@type\":\"ReadAction\",\"target\":[\"https:\/\/www.perdigat.com\/en\/accommodations\/\"]}]},{\"@type\":\"BreadcrumbList\",\"@id\":\"https:\/\/www.perdigat.com\/en\/accommodations\/#breadcrumb\",\"itemListElement\":[{\"@type\":\"ListItem\",\"position\":1,\"name\":\"Home\",\"item\":\"https:\/\/www.perdigat.com\/en\/\"},{\"@type\":\"ListItem\",\"position\":2,\"name\":\"Accommodations & Prices\"}]},{\"@type\":\"WebSite\",\"@id\":\"https:\/\/www.perdigat.com\/#website\",\"url\":\"https:\/\/www.perdigat.com\/\",\"name\":\"La Ferme de Perdigat\",\"description\":\"Camping en Dordogne P\u00e9rigord Noir\",\"potentialAction\":[{\"@type\":\"SearchAction\",\"target\":{\"@type\":\"EntryPoint\",\"urlTemplate\":\"https:\/\/www.perdigat.com\/?s={search_term_string}\"},\"query-input\":\"required name=search_term_string\"}],\"inLanguage\":\"en-US\"}]}<\/script>\n<!-- \/ Yoast SEO plugin. -->","yoast_head_json":{"title":"H\u00e9bergements en Dordogne : Emplacement Tentes - Mobil home et G\u00eete","description":"Tout le monde est le bienvenu au camping la Ferme de Perdigat : d\u00e9couvrez nos mobil home tout confort, nos emplacements de camping car spacieux, nos tentes lodges... Adeptes du camping traditionnel, nos emplacements sont spacieux et bien d\u00e9limit\u00e9s. Nous vous attendons.","robots":{"index":"index","follow":"follow","max-snippet":"max-snippet:-1","max-image-preview":"max-image-preview:large","max-video-preview":"max-video-preview:-1"},"canonical":"https:\/\/www.perdigat.com\/en\/accommodations\/","og_locale":"en_US","og_type":"article","og_title":"H\u00e9bergements en Dordogne : Emplacement Tentes - Mobil home et G\u00eete","og_description":"Tout le monde est le bienvenu au camping la Ferme de Perdigat : d\u00e9couvrez nos mobil home tout confort, nos emplacements de camping car spacieux, nos tentes lodges... Adeptes du camping traditionnel, nos emplacements sont spacieux et bien d\u00e9limit\u00e9s. Nous vous attendons.","og_url":"https:\/\/www.perdigat.com\/en\/accommodations\/","og_site_name":"La Ferme de Perdigat","article_modified_time":"2024-02-06T12:39:28+00:00","twitter_card":"summary_large_image","schema":{"@context":"https:\/\/schema.org","@graph":[{"@type":"WebPage","@id":"https:\/\/www.perdigat.com\/en\/accommodations\/","url":"https:\/\/www.perdigat.com\/en\/accommodations\/","name":"H\u00e9bergements en Dordogne : Emplacement Tentes - Mobil home et G\u00eete","isPartOf":{"@id":"https:\/\/www.perdigat.com\/#website"},"datePublished":"2018-01-25T07:26:23+00:00","dateModified":"2024-02-06T12:39:28+00:00","description":"Tout le monde est le bienvenu au camping la Ferme de Perdigat : d\u00e9couvrez nos mobil home tout confort, nos emplacements de camping car spacieux, nos tentes lodges... Adeptes du camping traditionnel, nos emplacements sont spacieux et bien d\u00e9limit\u00e9s. Nous vous attendons.","breadcrumb":{"@id":"https:\/\/www.perdigat.com\/en\/accommodations\/#breadcrumb"},"inLanguage":"en-US","potentialAction":[{"@type":"ReadAction","target":["https:\/\/www.perdigat.com\/en\/accommodations\/"]}]},{"@type":"BreadcrumbList","@id":"https:\/\/www.perdigat.com\/en\/accommodations\/#breadcrumb","itemListElement":[{"@type":"ListItem","position":1,"name":"Home","item":"https:\/\/www.perdigat.com\/en\/"},{"@type":"ListItem","position":2,"name":"Accommodations & Prices"}]},{"@type":"WebSite","@id":"https:\/\/www.perdigat.com\/#website","url":"https:\/\/www.perdigat.com\/","name":"La Ferme de Perdigat","description":"Camping en Dordogne P\u00e9rigord Noir","potentialAction":[{"@type":"SearchAction","target":{"@type":"EntryPoint","urlTemplate":"https:\/\/www.perdigat.com\/?s={search_term_string}"},"query-input":"required name=search_term_string"}],"inLanguage":"en-US"}]}},"_links":{"self":[{"href":"https:\/\/www.perdigat.com\/en\/wp-json\/wp\/v2\/pages\/1810"}],"collection":[{"href":"https:\/\/www.perdigat.com\/en\/wp-json\/wp\/v2\/pages"}],"about":[{"href":"https:\/\/www.perdigat.com\/en\/wp-json\/wp\/v2\/types\/page"}],"author":[{"embeddable":true,"href":"https:\/\/www.perdigat.com\/en\/wp-json\/wp\/v2\/users\/2"}],"replies":[{"embeddable":true,"href":"https:\/\/www.perdigat.com\/en\/wp-json\/wp\/v2\/comments?post=1810"}],"version-history":[{"count":10,"href":"https:\/\/www.perdigat.com\/en\/wp-json\/wp\/v2\/pages\/1810\/revisions"}],"predecessor-version":[{"id":3582,"href":"https:\/\/www.perdigat.com\/en\/wp-json\/wp\/v2\/pages\/1810\/revisions\/3582"}],"wp:attachment":[{"href":"https:\/\/www.perdigat.com\/en\/wp-json\/wp\/v2\/media?parent=1810"}],"curies":[{"name":"wp","href":"https:\/\/api.w.org\/{rel}","templated":true}]}}