{"id":1814,"date":"2017-11-07T20:22:12","date_gmt":"2017-11-07T19:22:12","guid":{"rendered":"https:\/\/www.perdigat.com\/accueil\/"},"modified":"2025-05-19T14:33:26","modified_gmt":"2025-05-19T12:33:26","slug":"accueil","status":"publish","type":"page","link":"https:\/\/www.perdigat.com\/nl\/","title":{"rendered":"La Ferme de Perdigat, de camping gepassioneerd P\u00e9rigord !"},"content":{"rendered":"<p>vrzr er gsfgdfg dfgd<\/p>\n","protected":false},"excerpt":{"rendered":"<p>vrzr er gsfgdfg dfgd<\/p>\n","protected":false},"author":2,"featured_media":0,"parent":0,"menu_order":0,"comment_status":"closed","ping_status":"open","template":"","meta":{"_acf_changed":false,"footnotes":""},"acf":[],"yoast_head":"<!-- This site is optimized with the Yoast SEO plugin v23.0 - https:\/\/yoast.com\/wordpress\/plugins\/seo\/ -->\n<title>Camping aan de oever van de Dordogne in Limeuil in de P\u00e9rigord Noir<\/title>\n<meta name=\"description\" content=\"In het hart van de P\u00e9rigord, aan de oevers van de V\u00e9z\u00e8re, ligt de 4 sterren camping la Ferme de Perdigat vlakbij de mooiste plekjes in de valleiv an de Dorgogne. Verwarmd zwembad, restaurant en supermarkt, dieren van de boerderij, was gelegenheid, kan\u00f6en, kinderspeelplaats, wifi, visvijver.\" \/>\n<meta name=\"robots\" content=\"index, follow, max-snippet:-1, max-image-preview:large, max-video-preview:-1\" \/>\n<link rel=\"canonical\" href=\"https:\/\/www.perdigat.com\/nl\/\" \/>\n<meta property=\"og:locale\" content=\"nl_NL\" \/>\n<meta property=\"og:type\" content=\"article\" \/>\n<meta property=\"og:title\" content=\"Camping aan de oever van de Dordogne in Limeuil in de P\u00e9rigord Noir\" \/>\n<meta property=\"og:description\" content=\"In het hart van de P\u00e9rigord, aan de oevers van de V\u00e9z\u00e8re, ligt de 4 sterren camping la Ferme de Perdigat vlakbij de mooiste plekjes in de valleiv an de Dorgogne. Verwarmd zwembad, restaurant en supermarkt, dieren van de boerderij, was gelegenheid, kan\u00f6en, kinderspeelplaats, wifi, visvijver.\" \/>\n<meta property=\"og:url\" content=\"https:\/\/www.perdigat.com\/nl\/\" \/>\n<meta property=\"og:site_name\" content=\"La Ferme de Perdigat\" \/>\n<meta property=\"article:modified_time\" content=\"2025-05-19T12:33:26+00:00\" \/>\n<meta name=\"twitter:card\" content=\"summary_large_image\" \/>\n<meta name=\"twitter:label1\" content=\"Geschatte leestijd\" \/>\n\t<meta name=\"twitter:data1\" content=\"6 minuten\" \/>\n<script type=\"application\/ld+json\" class=\"yoast-schema-graph\">{\"@context\":\"https:\/\/schema.org\",\"@graph\":[{\"@type\":\"WebPage\",\"@id\":\"https:\/\/www.perdigat.com\/nl\/\",\"url\":\"https:\/\/www.perdigat.com\/nl\/\",\"name\":\"Camping aan de oever van de Dordogne in Limeuil in de P\u00e9rigord Noir\",\"isPartOf\":{\"@id\":\"https:\/\/www.perdigat.com\/#website\"},\"datePublished\":\"2017-11-07T19:22:12+00:00\",\"dateModified\":\"2025-05-19T12:33:26+00:00\",\"description\":\"In het hart van de P\u00e9rigord, aan de oevers van de V\u00e9z\u00e8re, ligt de 4 sterren camping la Ferme de Perdigat vlakbij de mooiste plekjes in de valleiv an de Dorgogne. Verwarmd zwembad, restaurant en supermarkt, dieren van de boerderij, was gelegenheid, kan\u00f6en, kinderspeelplaats, wifi, visvijver.\",\"breadcrumb\":{\"@id\":\"https:\/\/www.perdigat.com\/nl\/#breadcrumb\"},\"inLanguage\":\"nl-NL\",\"potentialAction\":[{\"@type\":\"ReadAction\",\"target\":[\"https:\/\/www.perdigat.com\/nl\/\"]}]},{\"@type\":\"BreadcrumbList\",\"@id\":\"https:\/\/www.perdigat.com\/nl\/#breadcrumb\",\"itemListElement\":[{\"@type\":\"ListItem\",\"position\":1,\"name\":\"Home\",\"item\":\"https:\/\/www.perdigat.com\/nl\/\"},{\"@type\":\"ListItem\",\"position\":2,\"name\":\"La Ferme de Perdigat, de camping gepassioneerd P\u00e9rigord !\"}]},{\"@type\":\"WebSite\",\"@id\":\"https:\/\/www.perdigat.com\/#website\",\"url\":\"https:\/\/www.perdigat.com\/\",\"name\":\"La Ferme de Perdigat\",\"description\":\"Camping en Dordogne P\u00e9rigord Noir\",\"potentialAction\":[{\"@type\":\"SearchAction\",\"target\":{\"@type\":\"EntryPoint\",\"urlTemplate\":\"https:\/\/www.perdigat.com\/?s={search_term_string}\"},\"query-input\":\"required name=search_term_string\"}],\"inLanguage\":\"nl-NL\"}]}<\/script>\n<!-- \/ Yoast SEO plugin. -->","yoast_head_json":{"title":"Camping aan de oever van de Dordogne in Limeuil in de P\u00e9rigord Noir","description":"In het hart van de P\u00e9rigord, aan de oevers van de V\u00e9z\u00e8re, ligt de 4 sterren camping la Ferme de Perdigat vlakbij de mooiste plekjes in de valleiv an de Dorgogne. Verwarmd zwembad, restaurant en supermarkt, dieren van de boerderij, was gelegenheid, kan\u00f6en, kinderspeelplaats, wifi, visvijver.","robots":{"index":"index","follow":"follow","max-snippet":"max-snippet:-1","max-image-preview":"max-image-preview:large","max-video-preview":"max-video-preview:-1"},"canonical":"https:\/\/www.perdigat.com\/nl\/","og_locale":"nl_NL","og_type":"article","og_title":"Camping aan de oever van de Dordogne in Limeuil in de P\u00e9rigord Noir","og_description":"In het hart van de P\u00e9rigord, aan de oevers van de V\u00e9z\u00e8re, ligt de 4 sterren camping la Ferme de Perdigat vlakbij de mooiste plekjes in de valleiv an de Dorgogne. Verwarmd zwembad, restaurant en supermarkt, dieren van de boerderij, was gelegenheid, kan\u00f6en, kinderspeelplaats, wifi, visvijver.","og_url":"https:\/\/www.perdigat.com\/nl\/","og_site_name":"La Ferme de Perdigat","article_modified_time":"2025-05-19T12:33:26+00:00","twitter_card":"summary_large_image","twitter_misc":{"Geschatte leestijd":"6 minuten"},"schema":{"@context":"https:\/\/schema.org","@graph":[{"@type":"WebPage","@id":"https:\/\/www.perdigat.com\/nl\/","url":"https:\/\/www.perdigat.com\/nl\/","name":"Camping aan de oever van de Dordogne in Limeuil in de P\u00e9rigord Noir","isPartOf":{"@id":"https:\/\/www.perdigat.com\/#website"},"datePublished":"2017-11-07T19:22:12+00:00","dateModified":"2025-05-19T12:33:26+00:00","description":"In het hart van de P\u00e9rigord, aan de oevers van de V\u00e9z\u00e8re, ligt de 4 sterren camping la Ferme de Perdigat vlakbij de mooiste plekjes in de valleiv an de Dorgogne. Verwarmd zwembad, restaurant en supermarkt, dieren van de boerderij, was gelegenheid, kan\u00f6en, kinderspeelplaats, wifi, visvijver.","breadcrumb":{"@id":"https:\/\/www.perdigat.com\/nl\/#breadcrumb"},"inLanguage":"nl-NL","potentialAction":[{"@type":"ReadAction","target":["https:\/\/www.perdigat.com\/nl\/"]}]},{"@type":"BreadcrumbList","@id":"https:\/\/www.perdigat.com\/nl\/#breadcrumb","itemListElement":[{"@type":"ListItem","position":1,"name":"Home","item":"https:\/\/www.perdigat.com\/nl\/"},{"@type":"ListItem","position":2,"name":"La Ferme de Perdigat, de camping gepassioneerd P\u00e9rigord !"}]},{"@type":"WebSite","@id":"https:\/\/www.perdigat.com\/#website","url":"https:\/\/www.perdigat.com\/","name":"La Ferme de Perdigat","description":"Camping en Dordogne P\u00e9rigord Noir","potentialAction":[{"@type":"SearchAction","target":{"@type":"EntryPoint","urlTemplate":"https:\/\/www.perdigat.com\/?s={search_term_string}"},"query-input":"required name=search_term_string"}],"inLanguage":"nl-NL"}]}},"_links":{"self":[{"href":"https:\/\/www.perdigat.com\/nl\/wp-json\/wp\/v2\/pages\/1814"}],"collection":[{"href":"https:\/\/www.perdigat.com\/nl\/wp-json\/wp\/v2\/pages"}],"about":[{"href":"https:\/\/www.perdigat.com\/nl\/wp-json\/wp\/v2\/types\/page"}],"author":[{"embeddable":true,"href":"https:\/\/www.perdigat.com\/nl\/wp-json\/wp\/v2\/users\/2"}],"replies":[{"embeddable":true,"href":"https:\/\/www.perdigat.com\/nl\/wp-json\/wp\/v2\/comments?post=1814"}],"version-history":[{"count":24,"href":"https:\/\/www.perdigat.com\/nl\/wp-json\/wp\/v2\/pages\/1814\/revisions"}],"predecessor-version":[{"id":3850,"href":"https:\/\/www.perdigat.com\/nl\/wp-json\/wp\/v2\/pages\/1814\/revisions\/3850"}],"wp:attachment":[{"href":"https:\/\/www.perdigat.com\/nl\/wp-json\/wp\/v2\/media?parent=1814"}],"curies":[{"name":"wp","href":"https:\/\/api.w.org\/{rel}","templated":true}]}}